{"id":2699,"date":"2023-09-28T15:54:20","date_gmt":"2023-09-28T13:54:20","guid":{"rendered":"https:\/\/soydecubashow.com\/?page_id=2699"},"modified":"2023-12-28T15:27:19","modified_gmt":"2023-12-28T14:27:19","slug":"presse","status":"publish","type":"page","link":"https:\/\/soydecubashow.com\/en\/presse\/","title":{"rendered":"Testimonials"},"content":{"rendered":"<div data-elementor-type=\"wp-page\" data-elementor-id=\"2699\" class=\"elementor elementor-2699\">\n\t\t\t\t<div class=\"elementor-element elementor-element-bfcb297 e-flex e-con-boxed e-con e-parent\" data-id=\"bfcb297\" data-element_type=\"container\" data-settings=\"{&quot;jet_parallax_layout_list&quot;:[]}\">\n\t\t\t\t\t<div class=\"e-con-inner\">\n\t\t\t\t<div class=\"elementor-element elementor-element-1d4b0a9 elementor-widget elementor-widget-heading\" data-id=\"1d4b0a9\" data-element_type=\"widget\" data-widget_type=\"heading.default\">\n\t\t\t\t<div class=\"elementor-widget-container\">\n\t\t\t\t\t<h2 class=\"elementor-heading-title elementor-size-default\">Testimonials<\/h2>\t\t\t\t<\/div>\n\t\t\t\t<\/div>\n\t\t\t\t\t<\/div>\n\t\t\t\t<\/div>\n\t\t<div class=\"elementor-element elementor-element-9036b64 e-flex e-con-boxed e-con e-parent\" data-id=\"9036b64\" data-element_type=\"container\" data-settings=\"{&quot;background_background&quot;:&quot;classic&quot;,&quot;jet_parallax_layout_list&quot;:[]}\">\n\t\t\t\t\t<div class=\"e-con-inner\">\n\t\t<div class=\"elementor-element elementor-element-2da3347 e-flex e-con-boxed e-con e-child\" data-id=\"2da3347\" data-element_type=\"container\" data-settings=\"{&quot;background_background&quot;:&quot;classic&quot;,&quot;jet_parallax_layout_list&quot;:[]}\">\n\t\t\t\t\t<div class=\"e-con-inner\">\n\t\t<div class=\"elementor-element elementor-element-c4840ee e-con-full e-flex e-con e-child\" data-id=\"c4840ee\" data-element_type=\"container\" data-settings=\"{&quot;jet_parallax_layout_list&quot;:[]}\">\n\t\t\t\t<div class=\"elementor-element elementor-element-9230406 elementor-widget elementor-widget-text-editor\" data-id=\"9230406\" data-element_type=\"widget\" data-widget_type=\"text-editor.default\">\n\t\t\t\t<div class=\"elementor-widget-container\">\n\t\t\t\t\t\t\t\t\t<p><em>\u00ab\u00a0Un Dirty-Dancing \u00e0 la Cubaine\u00a0\u00bb<br \/><\/em><span style=\"color: #ff6600;\"><span style=\"color: #808080;\">L&rsquo;EXPRESS<\/span><\/span><\/p><p><em>\u00ab\u00a0Formidable\u00a0\u00bb<\/em><em><br \/><\/em><span style=\"color: #808080;\"><span style=\"color: #808080;\"><span style=\"color: #808080;\">LE FIGARO<\/span><\/span><\/span>\u00a0<\/p><div><p><em>\u00ab\u00a0Explosif et spectaculaire\u00a0\u00bb<\/em><\/p><\/div><div><p><span style=\"color: #808080;\">MARIE FRANCE<\/span><\/p><p><em>\u00ab\u00a0Muy caliente\u00a0\u00bb<br \/><\/em><span style=\"color: #ff6600;\"><span style=\"color: #808080;\">M6<\/span><\/span><\/p><\/div><div><em>\u00ab\u00a0Musiques torrides, d\u00e9hanch\u00e9s sexy, chor\u00e9graphies endiabl\u00e9es\u00a0\u00bb<span style=\"color: #ff6600;\"><br \/><\/span><\/em><span style=\"color: #808080;\"><span style=\"color: #808080;\"><span style=\"color: #808080;\">FIGAROSCOPE<\/span><\/span><\/span>\u00a0<br \/><br \/><\/div><div><em>\u00ab\u00a0Quelle \u00e9nergie\u00a0\u00bb<br \/><\/em><span style=\"color: #ff6600;\"><span style=\"color: #ff6600;\"><span style=\"color: #ff6600;\"><span style=\"color: #808080;\">FRANCE 3<\/span><\/span><\/span><\/span>\u00a0<br \/><br \/><\/div><div><em>\u00ab\u00a0Sublime\u00a0\u00bb<span style=\"color: #ff6600;\"><br \/><\/span><\/em><span style=\"color: #ff6600;\"><span style=\"color: #ff6600;\"><span style=\"color: #808080;\">BILD-ZEITUNG<\/span><\/span><\/span>\u00a0<br \/><br \/><\/div><p><em>\u00ab\u00a0C&rsquo;est chaud et sublime\u00a0\u00bb<br \/><\/em><span style=\"color: #808080;\">EXPRESS (Allemagne) <\/span><\/p><p><em>\u00ab\u00a0Ce spectacle transmet la bonne humeur\u00a0\u00bb<br \/><\/em><span style=\"color: #808080;\">EXPRESS (Allemagne) <\/span><\/p>\t\t\t\t\t\t\t\t<\/div>\n\t\t\t\t<\/div>\n\t\t\t\t<\/div>\n\t\t\t\t\t<\/div>\n\t\t\t\t<\/div>\n\t\t\t\t\t<\/div>\n\t\t\t\t<\/div>\n\t\t\t\t<\/div>","protected":false},"excerpt":{"rendered":"<p>Presse \u00ab\u00a0Un Dirty-Dancing \u00e0 la Cubaine\u00a0\u00bbL&rsquo;EXPRESS \u00ab\u00a0Formidable\u00a0\u00bbLE FIGARO\u00a0 \u00ab\u00a0Explosif et spectaculaire\u00a0\u00bb MARIE FRANCE \u00ab\u00a0Muy caliente\u00a0\u00bbM6 \u00ab\u00a0Musiques torrides, d\u00e9hanch\u00e9s sexy, chor\u00e9graphies endiabl\u00e9es\u00a0\u00bbFIGAROSCOPE\u00a0 \u00ab\u00a0Quelle \u00e9nergie\u00a0\u00bbFRANCE 3\u00a0 \u00ab\u00a0Sublime\u00a0\u00bbBILD-ZEITUNG\u00a0 \u00ab\u00a0C&rsquo;est chaud et sublime\u00a0\u00bbEXPRESS (Allemagne) \u00ab\u00a0Ce spectacle transmet la bonne humeur\u00a0\u00bbEXPRESS (Allemagne)<\/p>","protected":false},"author":1,"featured_media":0,"parent":0,"menu_order":0,"comment_status":"closed","ping_status":"closed","template":"","meta":{"footnotes":""},"class_list":["post-2699","page","type-page","status-publish","hentry"],"_links":{"self":[{"href":"https:\/\/soydecubashow.com\/en\/wp-json\/wp\/v2\/pages\/2699","targetHints":{"allow":["GET"]}}],"collection":[{"href":"https:\/\/soydecubashow.com\/en\/wp-json\/wp\/v2\/pages"}],"about":[{"href":"https:\/\/soydecubashow.com\/en\/wp-json\/wp\/v2\/types\/page"}],"author":[{"embeddable":true,"href":"https:\/\/soydecubashow.com\/en\/wp-json\/wp\/v2\/users\/1"}],"replies":[{"embeddable":true,"href":"https:\/\/soydecubashow.com\/en\/wp-json\/wp\/v2\/comments?post=2699"}],"version-history":[{"count":0,"href":"https:\/\/soydecubashow.com\/en\/wp-json\/wp\/v2\/pages\/2699\/revisions"}],"wp:attachment":[{"href":"https:\/\/soydecubashow.com\/en\/wp-json\/wp\/v2\/media?parent=2699"}],"curies":[{"name":"wp","href":"https:\/\/api.w.org\/{rel}","templated":true}]}}